{"id":58,"date":"2018-02-06T16:25:28","date_gmt":"2018-02-06T15:25:28","guid":{"rendered":"http:\/\/ludwigs-scheune.de\/Wordpress\/?page_id=58"},"modified":"2020-10-25T18:52:21","modified_gmt":"2020-10-25T17:52:21","slug":"startseite","status":"publish","type":"page","link":"https:\/\/ludwigs-scheune.de\/","title":{"rendered":"Die richtige Atmosph\u00e4re"},"content":{"rendered":"<p>Egal ob Sie in festlicher Atmosph\u00e4re mit dem gewissen Etwas Ihre Hochzeit feiern, ein Familientreffen oder ein Geburtstagsfest veranstalten, die Taufe\/ Kommunion\/ Konfirmation Ihres Kindes feiern oder sich einfach mal wieder mit alten Freunden treffen wollen, Ludwigs Scheune bietet Ihnen daf\u00fcr genau die richtigen R\u00e4umlichkeiten. Bei uns wird Ihre Feierlichkeit zu einem unvergesslichen Erlebnis!<\/p>\n<p>Auch f\u00fcr Tagungen ist der Raum bestens geeignet.<\/p>\n<p>In unserem Veranstaltungsraum, einem ehemaligen Kuhstall, finden bis zu ca. 75 Personen Platz. Der Stall wurde liebevoll zusammen mit der Scheune des \u00fcber 260 Jahre alten Fachwerkgeb\u00e4udes in einen Festsaal der besonderen Art umgebaut. Beim Umbau wurde an alles gedacht: eine gro\u00dfe Terrasse, behindertengerechte sanit\u00e4re Anlagen, ausreichend Parkpl\u00e4tze und eine komplett ausgestattete K\u00fcche mit Industriesp\u00fclmaschine.<\/p>\n","protected":false},"excerpt":{"rendered":"<p>Egal ob Sie in festlicher Atmosph\u00e4re mit dem gewissen Etwas Ihre Hochzeit feiern, ein Familientreffen oder ein Geburtstagsfest veranstalten, die Taufe\/ Kommunion\/ Konfirmation Ihres Kindes feiern oder sich einfach mal wieder mit alten Freunden treffen wollen, Ludwigs Scheune bietet Ihnen daf\u00fcr genau die richtigen R\u00e4umlichkeiten. Bei uns wird Ihre Feierlichkeit zu einem unvergesslichen Erlebnis! Auch &hellip; <\/p>\n<p class=\"link-more\"><a href=\"https:\/\/ludwigs-scheune.de\/\" class=\"more-link\"><span class=\"screen-reader-text\">\u201eDie richtige Atmosph\u00e4re\u201c<\/span> weiterlesen<\/a><\/p>\n","protected":false},"author":1,"featured_media":0,"parent":0,"menu_order":0,"comment_status":"closed","ping_status":"closed","template":"","meta":[],"_links":{"self":[{"href":"https:\/\/ludwigs-scheune.de\/index.php?rest_route=\/wp\/v2\/pages\/58"}],"collection":[{"href":"https:\/\/ludwigs-scheune.de\/index.php?rest_route=\/wp\/v2\/pages"}],"about":[{"href":"https:\/\/ludwigs-scheune.de\/index.php?rest_route=\/wp\/v2\/types\/page"}],"author":[{"embeddable":true,"href":"https:\/\/ludwigs-scheune.de\/index.php?rest_route=\/wp\/v2\/users\/1"}],"replies":[{"embeddable":true,"href":"https:\/\/ludwigs-scheune.de\/index.php?rest_route=%2Fwp%2Fv2%2Fcomments&post=58"}],"version-history":[{"count":6,"href":"https:\/\/ludwigs-scheune.de\/index.php?rest_route=\/wp\/v2\/pages\/58\/revisions"}],"predecessor-version":[{"id":194,"href":"https:\/\/ludwigs-scheune.de\/index.php?rest_route=\/wp\/v2\/pages\/58\/revisions\/194"}],"wp:attachment":[{"href":"https:\/\/ludwigs-scheune.de\/index.php?rest_route=%2Fwp%2Fv2%2Fmedia&parent=58"}],"curies":[{"name":"wp","href":"https:\/\/api.w.org\/{rel}","templated":true}]}}