{"id":39,"date":"2018-02-06T16:05:47","date_gmt":"2018-02-06T15:05:47","guid":{"rendered":"http:\/\/ludwigs-scheune.de\/Wordpress\/?page_id=39"},"modified":"2020-10-25T18:54:02","modified_gmt":"2020-10-25T17:54:02","slug":"hofladen","status":"publish","type":"page","link":"https:\/\/ludwigs-scheune.de\/?page_id=39","title":{"rendered":"Hofladen"},"content":{"rendered":"<p>Der Verkauf von b\u00e4uerlichen Erzeugnissen wie hausgemachtem Brot, Hefezopf und Wurst geh\u00f6rt zu unserem Angebot.<\/p>\n<p><img loading=\"lazy\" class=\"wp-image-166 aligncenter\" src=\"https:\/\/ludwigs-scheune.de\/Wordpress\/wp-content\/uploads\/2020\/10\/A9R1ejdhuv_eigryt_8b0-300x225.gif\" alt=\"\" width=\"247\" height=\"185\" srcset=\"https:\/\/ludwigs-scheune.de\/Wordpress\/wp-content\/uploads\/2020\/10\/A9R1ejdhuv_eigryt_8b0-300x225.gif 300w, https:\/\/ludwigs-scheune.de\/Wordpress\/wp-content\/uploads\/2020\/10\/A9R1ejdhuv_eigryt_8b0-1024x768.gif 1024w, https:\/\/ludwigs-scheune.de\/Wordpress\/wp-content\/uploads\/2020\/10\/A9R1ejdhuv_eigryt_8b0-768x576.gif 768w\" sizes=\"(max-width: 247px) 100vw, 247px\" \/><\/p>\n<p>Au\u00dferdem finden Sie ein reichhaltiges Sortiment an Eier, Honig und Nudeln von regionalen b\u00e4uerlichen Anbietern.<\/p>\n<p style=\"text-align: center;\"><img loading=\"lazy\" class=\"alignnone size-medium wp-image-184\" src=\"https:\/\/ludwigs-scheune.de\/Wordpress\/wp-content\/uploads\/2020\/10\/backwagen-300x267.jpg\" alt=\"\" width=\"300\" height=\"267\" srcset=\"https:\/\/ludwigs-scheune.de\/Wordpress\/wp-content\/uploads\/2020\/10\/backwagen-300x267.jpg 300w, https:\/\/ludwigs-scheune.de\/Wordpress\/wp-content\/uploads\/2020\/10\/backwagen.jpg 498w\" sizes=\"(max-width: 300px) 100vw, 300px\" \/><\/p>\n","protected":false},"excerpt":{"rendered":"<p>Der Verkauf von b\u00e4uerlichen Erzeugnissen wie hausgemachtem Brot, Hefezopf und Wurst geh\u00f6rt zu unserem Angebot. Au\u00dferdem finden Sie ein reichhaltiges Sortiment an Eier, Honig und Nudeln von regionalen b\u00e4uerlichen Anbietern.<\/p>\n","protected":false},"author":1,"featured_media":0,"parent":0,"menu_order":0,"comment_status":"closed","ping_status":"closed","template":"","meta":[],"_links":{"self":[{"href":"https:\/\/ludwigs-scheune.de\/index.php?rest_route=\/wp\/v2\/pages\/39"}],"collection":[{"href":"https:\/\/ludwigs-scheune.de\/index.php?rest_route=\/wp\/v2\/pages"}],"about":[{"href":"https:\/\/ludwigs-scheune.de\/index.php?rest_route=\/wp\/v2\/types\/page"}],"author":[{"embeddable":true,"href":"https:\/\/ludwigs-scheune.de\/index.php?rest_route=\/wp\/v2\/users\/1"}],"replies":[{"embeddable":true,"href":"https:\/\/ludwigs-scheune.de\/index.php?rest_route=%2Fwp%2Fv2%2Fcomments&post=39"}],"version-history":[{"count":4,"href":"https:\/\/ludwigs-scheune.de\/index.php?rest_route=\/wp\/v2\/pages\/39\/revisions"}],"predecessor-version":[{"id":197,"href":"https:\/\/ludwigs-scheune.de\/index.php?rest_route=\/wp\/v2\/pages\/39\/revisions\/197"}],"wp:attachment":[{"href":"https:\/\/ludwigs-scheune.de\/index.php?rest_route=%2Fwp%2Fv2%2Fmedia&parent=39"}],"curies":[{"name":"wp","href":"https:\/\/api.w.org\/{rel}","templated":true}]}}