{"id":36,"date":"2018-02-06T16:05:46","date_gmt":"2018-02-06T15:05:46","guid":{"rendered":"http:\/\/ludwigs-scheune.de\/Wordpress\/?page_id=36"},"modified":"2020-10-25T18:52:46","modified_gmt":"2020-10-25T17:52:46","slug":"feiern","status":"publish","type":"page","link":"https:\/\/ludwigs-scheune.de\/?page_id=36","title":{"rendered":"Feiern"},"content":{"rendered":"<p>Unser Veranstaltungsraum bietet Ihnen die M\u00f6glichkeit eine wundersch\u00f6ne Feierlichkeit auszurichten. Zusammen mit mehr als 70 G\u00e4sten k\u00f6nnen Sie bei uns Ihr Leben genie\u00dfen. Eine gro\u00dfe Terrasse er\u00f6ffnet bei sch\u00f6nem Wetter weitere M\u00f6glichkeiten und bietet Kindern zusammen mit dem Garten viel Platz und M\u00f6glichkeiten zum Spielen und vieles mehr.<\/p>\n<figure id=\"attachment_171\" aria-describedby=\"caption-attachment-171\" style=\"width: 300px\" class=\"wp-caption aligncenter\"><img loading=\"lazy\" class=\"size-medium wp-image-171\" src=\"https:\/\/ludwigs-scheune.de\/Wordpress\/wp-content\/uploads\/2020\/10\/Blick-von-der-Theke-in-den-Raum-300x225.jpg\" alt=\"\" width=\"300\" height=\"225\" srcset=\"https:\/\/ludwigs-scheune.de\/Wordpress\/wp-content\/uploads\/2020\/10\/Blick-von-der-Theke-in-den-Raum-300x225.jpg 300w, https:\/\/ludwigs-scheune.de\/Wordpress\/wp-content\/uploads\/2020\/10\/Blick-von-der-Theke-in-den-Raum.jpg 600w\" sizes=\"(max-width: 300px) 100vw, 300px\" \/><figcaption id=\"caption-attachment-171\" class=\"wp-caption-text\">Scheune<\/figcaption><\/figure>\n<p>Bei uns haben Sie die freie Wahl: Sie k\u00f6nnen sich von uns beraten lassen und ganz selbstst\u00e4ndig Ihre Feier nach Ihren W\u00fcnschen organisieren, ein Lieblings &#8211; Party- oder -Caterservice engagieren und sich selbst um Getr\u00e4nke, Dekoration und alles Weitere k\u00fcmmern. Oder wir \u00fcbernehmen die komplette Organisation f\u00fcr Sie und richten die Feier nach Ihren W\u00fcnschen aus.<br \/>\nUnsere jahrelange Erfahrung kommt dabei sowohl Ihnen als auch uns zu Gute.<\/p>\n<p style=\"text-align: center;\">Egal f\u00fcr was Sie sich entscheiden<br \/>\n&#8211; in Ludwigs Scheune gelingt Ihnen eine unvergessliche Feier!<\/p>\n<p><a href=\"https:\/\/ludwigs-scheune.de\/Wordpress\/kontakt\/\"><strong>Rufen Sie einfach an, wir beraten Sie gerne<\/strong><\/a><\/p>\n","protected":false},"excerpt":{"rendered":"<p>Unser Veranstaltungsraum bietet Ihnen die M\u00f6glichkeit eine wundersch\u00f6ne Feierlichkeit auszurichten. Zusammen mit mehr als 70 G\u00e4sten k\u00f6nnen Sie bei uns Ihr Leben genie\u00dfen. Eine gro\u00dfe Terrasse er\u00f6ffnet bei sch\u00f6nem Wetter weitere M\u00f6glichkeiten und bietet Kindern zusammen mit dem Garten viel Platz und M\u00f6glichkeiten zum Spielen und vieles mehr. Bei uns haben Sie die freie Wahl: &hellip; <\/p>\n<p class=\"link-more\"><a href=\"https:\/\/ludwigs-scheune.de\/?page_id=36\" class=\"more-link\"><span class=\"screen-reader-text\">\u201eFeiern\u201c<\/span> weiterlesen<\/a><\/p>\n","protected":false},"author":1,"featured_media":0,"parent":0,"menu_order":0,"comment_status":"closed","ping_status":"closed","template":"","meta":[],"_links":{"self":[{"href":"https:\/\/ludwigs-scheune.de\/index.php?rest_route=\/wp\/v2\/pages\/36"}],"collection":[{"href":"https:\/\/ludwigs-scheune.de\/index.php?rest_route=\/wp\/v2\/pages"}],"about":[{"href":"https:\/\/ludwigs-scheune.de\/index.php?rest_route=\/wp\/v2\/types\/page"}],"author":[{"embeddable":true,"href":"https:\/\/ludwigs-scheune.de\/index.php?rest_route=\/wp\/v2\/users\/1"}],"replies":[{"embeddable":true,"href":"https:\/\/ludwigs-scheune.de\/index.php?rest_route=%2Fwp%2Fv2%2Fcomments&post=36"}],"version-history":[{"count":9,"href":"https:\/\/ludwigs-scheune.de\/index.php?rest_route=\/wp\/v2\/pages\/36\/revisions"}],"predecessor-version":[{"id":195,"href":"https:\/\/ludwigs-scheune.de\/index.php?rest_route=\/wp\/v2\/pages\/36\/revisions\/195"}],"wp:attachment":[{"href":"https:\/\/ludwigs-scheune.de\/index.php?rest_route=%2Fwp%2Fv2%2Fmedia&parent=36"}],"curies":[{"name":"wp","href":"https:\/\/api.w.org\/{rel}","templated":true}]}}